{"id":1256,"date":"2023-03-28T22:47:12","date_gmt":"2023-03-28T20:47:12","guid":{"rendered":"https:\/\/wgtl2023.flw.mb.tu-dortmund.de\/?page_id=1256"},"modified":"2023-03-29T04:06:21","modified_gmt":"2023-03-29T02:06:21","slug":"impressum","status":"publish","type":"page","link":"https:\/\/wgtl2023.flw.mb.tu-dortmund.de\/index.php\/impressum\/","title":{"rendered":"Impressum"},"content":{"rendered":"\t\t<div data-elementor-type=\"wp-page\" data-elementor-id=\"1256\" class=\"elementor elementor-1256\">\n\t\t\t\t\t\t<section class=\"elementor-section elementor-top-section elementor-element elementor-element-6a4acac elementor-section-height-min-height elementor-section-boxed elementor-section-height-default elementor-section-items-middle\" data-id=\"6a4acac\" data-element_type=\"section\">\n\t\t\t\t\t\t<div class=\"elementor-container elementor-column-gap-default\">\n\t\t\t\t\t<div class=\"elementor-column elementor-col-100 elementor-top-column elementor-element elementor-element-8b1d06e\" data-id=\"8b1d06e\" data-element_type=\"column\">\n\t\t\t<div class=\"elementor-widget-wrap\">\n\t\t\t\t\t\t\t<\/div>\n\t\t<\/div>\n\t\t\t\t\t<\/div>\n\t\t<\/section>\n\t\t\t\t<section class=\"elementor-section elementor-top-section elementor-element elementor-element-653414b elementor-section-boxed elementor-section-height-default elementor-section-height-default\" data-id=\"653414b\" data-element_type=\"section\" data-settings=\"{&quot;background_background&quot;:&quot;classic&quot;}\">\n\t\t\t\t\t\t\t<div class=\"elementor-background-overlay\"><\/div>\n\t\t\t\t\t\t\t<div class=\"elementor-container elementor-column-gap-default\">\n\t\t\t\t\t<div class=\"elementor-column elementor-col-100 elementor-top-column elementor-element elementor-element-c3e1244\" data-id=\"c3e1244\" data-element_type=\"column\" data-settings=\"{&quot;background_background&quot;:&quot;classic&quot;}\">\n\t\t\t<div class=\"elementor-widget-wrap elementor-element-populated\">\n\t\t\t\t\t<div class=\"elementor-background-overlay\"><\/div>\n\t\t\t\t\t\t<div class=\"elementor-element elementor-element-b7770fe elementor-widget elementor-widget-heading\" data-id=\"b7770fe\" data-element_type=\"widget\" data-widget_type=\"heading.default\">\n\t\t\t\t<div class=\"elementor-widget-container\">\n\t\t\t\t\t<h1 class=\"elementor-heading-title elementor-size-default\">Impressum<\/h1>\t\t\t\t<\/div>\n\t\t\t\t<\/div>\n\t\t\t\t<div class=\"elementor-element elementor-element-4e98724 elementor-widget elementor-widget-text-editor\" data-id=\"4e98724\" data-element_type=\"widget\" data-widget_type=\"text-editor.default\">\n\t\t\t\t<div class=\"elementor-widget-container\">\n\t\t\t\t\t\t\t\t\t<div class=\"et_pb_row et_pb_row_2\">\n<div class=\"et_pb_column et_pb_column_4_4 et_pb_column_2 et_pb_css_mix_blend_mode_passthrough et-last-child\">\n<div class=\"et_pb_module et_pb_text et_pb_text_0 et_pb_text_align_left et_pb_bg_layout_light\">\n<h5 class=\"et_pb_divider_internal\">Impressum nach \u00a7 5 Abs. 1 Telemediengesetz (TMG)<\/h5>\n<\/div>\n<\/div>\n<\/div>\n<div class=\"et_pb_row et_pb_row_3\">\n<div class=\"et_pb_column et_pb_column_4_4 et_pb_column_3 et_pb_css_mix_blend_mode_passthrough et-last-child\">\n<div class=\"et_pb_module et_pb_text et_pb_text_1 et_pb_text_align_left et_pb_bg_layout_light\">\n<div class=\"et_pb_text_inner\">\n<p>Technische Universit\u00e4t Dortmund<br>August-Schmidt-Stra\u00dfe 4<br>44227 Dortmund<\/p>\n<p>Telefon: 0231\/755-1<\/p>\n<p><a title=\"Impressum \/ presse[at]tu-dortmund.de\" href=\"mailto:presse@tu-dortmund.de\">@ E-Mail senden<\/a><\/p>\n<p>Die Technische Universit\u00e4t (TU) Dortmund ist gem. \u00a7 2 Abs. 1 Satz 1 i.V.m. \u00a7 1 Abs. 2 Satz 1 Nr. 5 des Gesetzes \u00fcber die Hochschulen des Landes Nordrhein-Westfalen (HG NRW) eine vom Land Nordrhein-Westfalen getragene, rechtsf\u00e4hige K\u00f6rperschaft des \u00f6ffentlichen Rechts. Sie wird vertreten durch den Rektor Prof. Dr. Manfred Bayer.<\/p>\n<p>Die TU Dortmund nimmt ihre Aufgaben gem. \u00a7 76 Abs. 1 Satz 1 HG NRW unter der Rechtsaufsicht des <a title=\"Homepage des Ministeriums f\u00fcr Kultur und Wissenschaft (NRW): MKW-NRW\" href=\"https:\/\/www.mkw.nrw\/\" target=\"_blank\" rel=\"noopener noreferrer\">Ministeriums f\u00fcr Kultur und Wissenschaft des Landes Nordrhein-Westfalen<\/a>, V\u00f6lklinger Stra\u00dfe 49, 40221 D\u00fcsseldorf wahr.<\/p>\n<p>Umsatzsteuer-Identifikationsnummer gem. \u00a7 27a Umsatzsteuergesetz (UStG): DE 811 258 273<\/p>\n<h5>Redaktionell verantwortlich gem\u00e4\u00df \u00a7 18 Abs. 2 des Medienstaatsvertrages (MStV):<\/h5>\n<p>Markus Heinzelmann<br>Lehrstuhl f\u00fcr F\u00f6rder- und Lagerwesen (FLW)<br>Technische Universit\u00e4t Dortmund<br>LogistikCampus<br>44227 Dortmund<\/p>\n<p><a href=\"mailto: website.flw.mb@tu-dortmund.de\" target=\"_blank\" rel=\"noopener\">@ E-Mail senden (Website FLW)<\/a><\/p>\n<p><br><\/p>\n\n<\/div>\n<\/div>\n<\/div>\n<\/div>\t\t\t\t\t\t\t\t<\/div>\n\t\t\t\t<\/div>\n\t\t\t\t\t<\/div>\n\t\t<\/div>\n\t\t\t\t\t<\/div>\n\t\t<\/section>\n\t\t\t\t<\/div>\n\t\t","protected":false},"excerpt":{"rendered":"<p>Impressum Impressum nach \u00a7 5 Abs. 1 Telemediengesetz (TMG) Technische Universit\u00e4t DortmundAugust-Schmidt-Stra\u00dfe 444227 Dortmund Telefon: 0231\/755-1 @ E-Mail senden Die Technische Universit\u00e4t (TU) Dortmund ist gem. \u00a7 2 Abs. 1 Satz 1 i.V.m. \u00a7 1 Abs. 2 Satz 1 Nr. 5 des Gesetzes \u00fcber die Hochschulen des Landes Nordrhein-Westfalen (HG NRW) eine vom Land Nordrhein-Westfalen &#8230; <a title=\"Impressum\" class=\"read-more\" href=\"https:\/\/wgtl2023.flw.mb.tu-dortmund.de\/index.php\/impressum\/\" aria-label=\"Mehr dazu unter Impressum\">Weiterlesen<\/a><\/p>\n","protected":false},"author":6,"featured_media":0,"parent":0,"menu_order":0,"comment_status":"closed","ping_status":"closed","template":"","meta":{"footnotes":""},"class_list":["post-1256","page","type-page","status-publish"],"yoast_head":"<!-- This site is optimized with the Yoast SEO plugin v26.0 - https:\/\/yoast.com\/wordpress\/plugins\/seo\/ -->\n<title>Impressum - WGTL 2023<\/title>\n<meta name=\"robots\" content=\"index, follow, max-snippet:-1, max-image-preview:large, max-video-preview:-1\" \/>\n<link rel=\"canonical\" href=\"https:\/\/wgtl2023.flw.mb.tu-dortmund.de\/index.php\/impressum\/\" \/>\n<meta property=\"og:locale\" content=\"de_DE\" \/>\n<meta property=\"og:type\" content=\"article\" \/>\n<meta property=\"og:title\" content=\"Impressum - WGTL 2023\" \/>\n<meta property=\"og:description\" content=\"Impressum Impressum nach \u00a7 5 Abs. 1 Telemediengesetz (TMG) Technische Universit\u00e4t DortmundAugust-Schmidt-Stra\u00dfe 444227 Dortmund Telefon: 0231\/755-1 @ E-Mail senden Die Technische Universit\u00e4t (TU) Dortmund ist gem. \u00a7 2 Abs. 1 Satz 1 i.V.m. \u00a7 1 Abs. 2 Satz 1 Nr. 5 des Gesetzes \u00fcber die Hochschulen des Landes Nordrhein-Westfalen (HG NRW) eine vom Land Nordrhein-Westfalen ... Weiterlesen\" \/>\n<meta property=\"og:url\" content=\"https:\/\/wgtl2023.flw.mb.tu-dortmund.de\/index.php\/impressum\/\" \/>\n<meta property=\"og:site_name\" content=\"WGTL 2023\" \/>\n<meta property=\"article:modified_time\" content=\"2023-03-29T02:06:21+00:00\" \/>\n<meta name=\"twitter:card\" content=\"summary_large_image\" \/>\n<meta name=\"twitter:label1\" content=\"Gesch\u00e4tzte Lesezeit\" \/>\n\t<meta name=\"twitter:data1\" content=\"1\u00a0Minute\" \/>\n<script type=\"application\/ld+json\" class=\"yoast-schema-graph\">{\"@context\":\"https:\/\/schema.org\",\"@graph\":[{\"@type\":\"WebPage\",\"@id\":\"https:\/\/wgtl2023.flw.mb.tu-dortmund.de\/index.php\/impressum\/\",\"url\":\"https:\/\/wgtl2023.flw.mb.tu-dortmund.de\/index.php\/impressum\/\",\"name\":\"Impressum - WGTL 2023\",\"isPartOf\":{\"@id\":\"https:\/\/wgtl2023.flw.mb.tu-dortmund.de\/#website\"},\"datePublished\":\"2023-03-28T20:47:12+00:00\",\"dateModified\":\"2023-03-29T02:06:21+00:00\",\"breadcrumb\":{\"@id\":\"https:\/\/wgtl2023.flw.mb.tu-dortmund.de\/index.php\/impressum\/#breadcrumb\"},\"inLanguage\":\"de\",\"potentialAction\":[{\"@type\":\"ReadAction\",\"target\":[\"https:\/\/wgtl2023.flw.mb.tu-dortmund.de\/index.php\/impressum\/\"]}]},{\"@type\":\"BreadcrumbList\",\"@id\":\"https:\/\/wgtl2023.flw.mb.tu-dortmund.de\/index.php\/impressum\/#breadcrumb\",\"itemListElement\":[{\"@type\":\"ListItem\",\"position\":1,\"name\":\"Startseite\",\"item\":\"https:\/\/wgtl2023.flw.mb.tu-dortmund.de\/\"},{\"@type\":\"ListItem\",\"position\":2,\"name\":\"Impressum\"}]},{\"@type\":\"WebSite\",\"@id\":\"https:\/\/wgtl2023.flw.mb.tu-dortmund.de\/#website\",\"url\":\"https:\/\/wgtl2023.flw.mb.tu-dortmund.de\/\",\"name\":\"WGTL 2023\",\"description\":\"19. Fachkolloquium Logistik\",\"publisher\":{\"@id\":\"https:\/\/wgtl2023.flw.mb.tu-dortmund.de\/#organization\"},\"potentialAction\":[{\"@type\":\"SearchAction\",\"target\":{\"@type\":\"EntryPoint\",\"urlTemplate\":\"https:\/\/wgtl2023.flw.mb.tu-dortmund.de\/?s={search_term_string}\"},\"query-input\":{\"@type\":\"PropertyValueSpecification\",\"valueRequired\":true,\"valueName\":\"search_term_string\"}}],\"inLanguage\":\"de\"},{\"@type\":\"Organization\",\"@id\":\"https:\/\/wgtl2023.flw.mb.tu-dortmund.de\/#organization\",\"name\":\"WGTL 2023\",\"url\":\"https:\/\/wgtl2023.flw.mb.tu-dortmund.de\/\",\"logo\":{\"@type\":\"ImageObject\",\"inLanguage\":\"de\",\"@id\":\"https:\/\/wgtl2023.flw.mb.tu-dortmund.de\/#\/schema\/logo\/image\/\",\"url\":\"https:\/\/wgtl2023.flw.mb.tu-dortmund.de\/wp-content\/uploads\/2023\/02\/wgtl_farbe_288_1280x600px-1.jpg\",\"contentUrl\":\"https:\/\/wgtl2023.flw.mb.tu-dortmund.de\/wp-content\/uploads\/2023\/02\/wgtl_farbe_288_1280x600px-1.jpg\",\"width\":1280,\"height\":600,\"caption\":\"WGTL 2023\"},\"image\":{\"@id\":\"https:\/\/wgtl2023.flw.mb.tu-dortmund.de\/#\/schema\/logo\/image\/\"}}]}<\/script>\n<!-- \/ Yoast SEO plugin. -->","yoast_head_json":{"title":"Impressum - WGTL 2023","robots":{"index":"index","follow":"follow","max-snippet":"max-snippet:-1","max-image-preview":"max-image-preview:large","max-video-preview":"max-video-preview:-1"},"canonical":"https:\/\/wgtl2023.flw.mb.tu-dortmund.de\/index.php\/impressum\/","og_locale":"de_DE","og_type":"article","og_title":"Impressum - WGTL 2023","og_description":"Impressum Impressum nach \u00a7 5 Abs. 1 Telemediengesetz (TMG) Technische Universit\u00e4t DortmundAugust-Schmidt-Stra\u00dfe 444227 Dortmund Telefon: 0231\/755-1 @ E-Mail senden Die Technische Universit\u00e4t (TU) Dortmund ist gem. \u00a7 2 Abs. 1 Satz 1 i.V.m. \u00a7 1 Abs. 2 Satz 1 Nr. 5 des Gesetzes \u00fcber die Hochschulen des Landes Nordrhein-Westfalen (HG NRW) eine vom Land Nordrhein-Westfalen ... Weiterlesen","og_url":"https:\/\/wgtl2023.flw.mb.tu-dortmund.de\/index.php\/impressum\/","og_site_name":"WGTL 2023","article_modified_time":"2023-03-29T02:06:21+00:00","twitter_card":"summary_large_image","twitter_misc":{"Gesch\u00e4tzte Lesezeit":"1\u00a0Minute"},"schema":{"@context":"https:\/\/schema.org","@graph":[{"@type":"WebPage","@id":"https:\/\/wgtl2023.flw.mb.tu-dortmund.de\/index.php\/impressum\/","url":"https:\/\/wgtl2023.flw.mb.tu-dortmund.de\/index.php\/impressum\/","name":"Impressum - WGTL 2023","isPartOf":{"@id":"https:\/\/wgtl2023.flw.mb.tu-dortmund.de\/#website"},"datePublished":"2023-03-28T20:47:12+00:00","dateModified":"2023-03-29T02:06:21+00:00","breadcrumb":{"@id":"https:\/\/wgtl2023.flw.mb.tu-dortmund.de\/index.php\/impressum\/#breadcrumb"},"inLanguage":"de","potentialAction":[{"@type":"ReadAction","target":["https:\/\/wgtl2023.flw.mb.tu-dortmund.de\/index.php\/impressum\/"]}]},{"@type":"BreadcrumbList","@id":"https:\/\/wgtl2023.flw.mb.tu-dortmund.de\/index.php\/impressum\/#breadcrumb","itemListElement":[{"@type":"ListItem","position":1,"name":"Startseite","item":"https:\/\/wgtl2023.flw.mb.tu-dortmund.de\/"},{"@type":"ListItem","position":2,"name":"Impressum"}]},{"@type":"WebSite","@id":"https:\/\/wgtl2023.flw.mb.tu-dortmund.de\/#website","url":"https:\/\/wgtl2023.flw.mb.tu-dortmund.de\/","name":"WGTL 2023","description":"19. Fachkolloquium Logistik","publisher":{"@id":"https:\/\/wgtl2023.flw.mb.tu-dortmund.de\/#organization"},"potentialAction":[{"@type":"SearchAction","target":{"@type":"EntryPoint","urlTemplate":"https:\/\/wgtl2023.flw.mb.tu-dortmund.de\/?s={search_term_string}"},"query-input":{"@type":"PropertyValueSpecification","valueRequired":true,"valueName":"search_term_string"}}],"inLanguage":"de"},{"@type":"Organization","@id":"https:\/\/wgtl2023.flw.mb.tu-dortmund.de\/#organization","name":"WGTL 2023","url":"https:\/\/wgtl2023.flw.mb.tu-dortmund.de\/","logo":{"@type":"ImageObject","inLanguage":"de","@id":"https:\/\/wgtl2023.flw.mb.tu-dortmund.de\/#\/schema\/logo\/image\/","url":"https:\/\/wgtl2023.flw.mb.tu-dortmund.de\/wp-content\/uploads\/2023\/02\/wgtl_farbe_288_1280x600px-1.jpg","contentUrl":"https:\/\/wgtl2023.flw.mb.tu-dortmund.de\/wp-content\/uploads\/2023\/02\/wgtl_farbe_288_1280x600px-1.jpg","width":1280,"height":600,"caption":"WGTL 2023"},"image":{"@id":"https:\/\/wgtl2023.flw.mb.tu-dortmund.de\/#\/schema\/logo\/image\/"}}]}},"_links":{"self":[{"href":"https:\/\/wgtl2023.flw.mb.tu-dortmund.de\/index.php\/wp-json\/wp\/v2\/pages\/1256","targetHints":{"allow":["GET"]}}],"collection":[{"href":"https:\/\/wgtl2023.flw.mb.tu-dortmund.de\/index.php\/wp-json\/wp\/v2\/pages"}],"about":[{"href":"https:\/\/wgtl2023.flw.mb.tu-dortmund.de\/index.php\/wp-json\/wp\/v2\/types\/page"}],"author":[{"embeddable":true,"href":"https:\/\/wgtl2023.flw.mb.tu-dortmund.de\/index.php\/wp-json\/wp\/v2\/users\/6"}],"replies":[{"embeddable":true,"href":"https:\/\/wgtl2023.flw.mb.tu-dortmund.de\/index.php\/wp-json\/wp\/v2\/comments?post=1256"}],"version-history":[{"count":76,"href":"https:\/\/wgtl2023.flw.mb.tu-dortmund.de\/index.php\/wp-json\/wp\/v2\/pages\/1256\/revisions"}],"predecessor-version":[{"id":1468,"href":"https:\/\/wgtl2023.flw.mb.tu-dortmund.de\/index.php\/wp-json\/wp\/v2\/pages\/1256\/revisions\/1468"}],"wp:attachment":[{"href":"https:\/\/wgtl2023.flw.mb.tu-dortmund.de\/index.php\/wp-json\/wp\/v2\/media?parent=1256"}],"curies":[{"name":"wp","href":"https:\/\/api.w.org\/{rel}","templated":true}]}}